{"id":1577,"date":"2024-07-11T07:49:34","date_gmt":"2024-07-11T07:49:34","guid":{"rendered":"https:\/\/lescimesdelatlas.ma\/?page_id=1577"},"modified":"2024-07-24T09:53:53","modified_gmt":"2024-07-24T09:53:53","slug":"nos-services","status":"publish","type":"page","link":"https:\/\/lescimesdelatlas.ma\/en\/nos-services\/","title":{"rendered":"Our Services"},"content":{"rendered":"<div data-elementor-type=\"wp-page\" data-elementor-id=\"1577\" class=\"elementor elementor-1577\" data-elementor-post-type=\"page\">\n\t\t\t\t<div class=\"elementor-element elementor-element-81b78fb e-flex e-con-boxed e-con e-parent\" data-id=\"81b78fb\" data-element_type=\"container\" data-e-type=\"container\" data-settings=\"{&quot;background_background&quot;:&quot;classic&quot;,&quot;shape_divider_bottom&quot;:&quot;pyramids&quot;}\">\n\t\t\t\t\t<div class=\"e-con-inner\">\n\t\t\t\t<div class=\"elementor-shape elementor-shape-bottom\" aria-hidden=\"true\" data-negative=\"false\">\n\t\t\t<svg xmlns=\"http:\/\/www.w3.org\/2000\/svg\" viewbox=\"0 0 1000 100\" preserveaspectratio=\"none\">\n\t<path class=\"elementor-shape-fill\" d=\"M761.9,44.1L643.1,27.2L333.8,98L0,3.8V0l1000,0v3.9\"\/>\n<\/svg>\t\t<\/div>\n\t\t<div class=\"elementor-element elementor-element-e85c4dc e-con-full e-flex e-con e-child\" data-id=\"e85c4dc\" data-element_type=\"container\" data-e-type=\"container\">\n\t\t\t\t<div class=\"elementor-element elementor-element-e3c95f1 elementor-widget elementor-widget-heading\" data-id=\"e3c95f1\" data-element_type=\"widget\" data-e-type=\"widget\" data-widget_type=\"heading.default\">\n\t\t\t\t<div class=\"elementor-widget-container\">\n\t\t\t\t\t<h1 class=\"elementor-heading-title elementor-size-default\">Our Services<\/h1>\t\t\t\t<\/div>\n\t\t\t\t<\/div>\n\t\t\t\t<div class=\"elementor-element elementor-element-c9305f8 elementor-hidden-phone elementor-widget elementor-widget-spacer\" data-id=\"c9305f8\" data-element_type=\"widget\" data-e-type=\"widget\" data-widget_type=\"spacer.default\">\n\t\t\t\t<div class=\"elementor-widget-container\">\n\t\t\t\t\t\t\t<div class=\"elementor-spacer\">\n\t\t\t<div class=\"elementor-spacer-inner\"><\/div>\n\t\t<\/div>\n\t\t\t\t\t\t<\/div>\n\t\t\t\t<\/div>\n\t\t\t\t<\/div>\n\t\t\t\t\t<\/div>\n\t\t\t\t<\/div>\n\t\t<div class=\"elementor-element elementor-element-8c6d27d e-con-full e-flex e-con e-parent\" data-id=\"8c6d27d\" data-element_type=\"container\" data-e-type=\"container\">\n\t\t<div class=\"elementor-element elementor-element-d1c5895 e-flex e-con-boxed e-con e-child\" data-id=\"d1c5895\" data-element_type=\"container\" data-e-type=\"container\">\n\t\t\t\t\t<div class=\"e-con-inner\">\n\t\t<div class=\"elementor-element elementor-element-b061b1d e-con-full e-flex elementor-invisible e-con e-child\" data-id=\"b061b1d\" data-element_type=\"container\" data-e-type=\"container\" data-settings=\"{&quot;animation&quot;:&quot;zoomIn&quot;}\">\n\t\t\t\t<div data-xpro-element-link=\"{&quot;url&quot;:&quot;https:\\\/\\\/lescimesdelatlas.ma\\\/pension-pour-chevaux\\\/&quot;,&quot;is_external&quot;:&quot;&quot;,&quot;nofollow&quot;:&quot;&quot;,&quot;custom_attributes&quot;:&quot;&quot;}\" style=\"cursor: pointer\" class=\"elementor-element elementor-element-d01a8f6 elementor-widget elementor-widget-image\" data-id=\"d01a8f6\" data-element_type=\"widget\" data-e-type=\"widget\" data-widget_type=\"image.default\">\n\t\t\t\t<div class=\"elementor-widget-container\">\n\t\t\t\t\t\t\t\t\t\t\t\t\t\t\t<img fetchpriority=\"high\" decoding=\"async\" width=\"370\" height=\"536\" src=\"https:\/\/lescimesdelatlas.ma\/wp-content\/uploads\/2024\/07\/Ecurie-cimes-de-latlas-3.jpg\" class=\"attachment-large size-large wp-image-1417\" alt=\"\" srcset=\"https:\/\/lescimesdelatlas.ma\/wp-content\/uploads\/2024\/07\/Ecurie-cimes-de-latlas-3.jpg 370w, https:\/\/lescimesdelatlas.ma\/wp-content\/uploads\/2024\/07\/Ecurie-cimes-de-latlas-3-207x300.jpg 207w\" sizes=\"(max-width: 370px) 100vw, 370px\" \/>\t\t\t\t\t\t\t\t\t\t\t\t\t\t\t<\/div>\n\t\t\t\t<\/div>\n\t\t<div class=\"elementor-element elementor-element-b04c05a e-con-full e-flex e-con e-child\" data-id=\"b04c05a\" data-element_type=\"container\" data-e-type=\"container\">\n\t\t\t\t<div class=\"elementor-element elementor-element-d76b476 elementor-widget__width-initial elementor-widget elementor-widget-heading\" data-id=\"d76b476\" data-element_type=\"widget\" data-e-type=\"widget\" data-widget_type=\"heading.default\">\n\t\t\t\t<div class=\"elementor-widget-container\">\n\t\t\t\t\t<span class=\"elementor-heading-title elementor-size-default\"><a href=\"https:\/\/lescimesdelatlas.ma\/en\/pension-pour-chevaux\/\">Horse boarding<\/a><\/span>\t\t\t\t<\/div>\n\t\t\t\t<\/div>\n\t\t\t\t<div class=\"elementor-element elementor-element-f699352 elementor-widget__width-initial elementor-widget elementor-widget-heading\" data-id=\"f699352\" data-element_type=\"widget\" data-e-type=\"widget\" data-widget_type=\"heading.default\">\n\t\t\t\t<div class=\"elementor-widget-container\">\n\t\t\t\t\t<h2 class=\"elementor-heading-title elementor-size-default\"><a href=\"https:\/\/lescimesdelatlas.ma\/en\/pension-pour-chevaux\/\">Provide your equines with a haven of peace and comfort.<\/a><\/h2>\t\t\t\t<\/div>\n\t\t\t\t<\/div>\n\t\t\t\t<\/div>\n\t\t\t\t<\/div>\n\t\t<div class=\"elementor-element elementor-element-f5941fa e-con-full e-flex elementor-invisible e-con e-child\" data-id=\"f5941fa\" data-element_type=\"container\" data-e-type=\"container\" data-settings=\"{&quot;animation&quot;:&quot;zoomIn&quot;,&quot;animation_delay&quot;:200}\">\n\t\t\t\t<div data-xpro-element-link=\"{&quot;url&quot;:&quot;https:\\\/\\\/lescimesdelatlas.ma\\\/equicoaching\\\/&quot;,&quot;is_external&quot;:&quot;&quot;,&quot;nofollow&quot;:&quot;&quot;,&quot;custom_attributes&quot;:&quot;&quot;}\" style=\"cursor: pointer\" class=\"elementor-element elementor-element-dc97ddb elementor-widget elementor-widget-image\" data-id=\"dc97ddb\" data-element_type=\"widget\" data-e-type=\"widget\" data-widget_type=\"image.default\">\n\t\t\t\t<div class=\"elementor-widget-container\">\n\t\t\t\t\t\t\t\t\t\t\t\t\t\t\t<img decoding=\"async\" width=\"370\" height=\"536\" src=\"https:\/\/lescimesdelatlas.ma\/wp-content\/uploads\/2024\/07\/Ecurie-cimes-de-latlas-1.jpg\" class=\"attachment-large size-large wp-image-1415\" alt=\"\" srcset=\"https:\/\/lescimesdelatlas.ma\/wp-content\/uploads\/2024\/07\/Ecurie-cimes-de-latlas-1.jpg 370w, https:\/\/lescimesdelatlas.ma\/wp-content\/uploads\/2024\/07\/Ecurie-cimes-de-latlas-1-207x300.jpg 207w\" sizes=\"(max-width: 370px) 100vw, 370px\" \/>\t\t\t\t\t\t\t\t\t\t\t\t\t\t\t<\/div>\n\t\t\t\t<\/div>\n\t\t<div class=\"elementor-element elementor-element-53898ef e-con-full e-flex e-con e-child\" data-id=\"53898ef\" data-element_type=\"container\" data-e-type=\"container\">\n\t\t\t\t<div class=\"elementor-element elementor-element-5c2a3fa elementor-widget__width-initial elementor-widget elementor-widget-heading\" data-id=\"5c2a3fa\" data-element_type=\"widget\" data-e-type=\"widget\" data-widget_type=\"heading.default\">\n\t\t\t\t<div class=\"elementor-widget-container\">\n\t\t\t\t\t<span class=\"elementor-heading-title elementor-size-default\"><a href=\"https:\/\/lescimesdelatlas.ma\/en\/equicoaching\/\">Equicoaching <\/a><\/span>\t\t\t\t<\/div>\n\t\t\t\t<\/div>\n\t\t\t\t<div class=\"elementor-element elementor-element-9b76e72 elementor-widget__width-initial elementor-widget elementor-widget-heading\" data-id=\"9b76e72\" data-element_type=\"widget\" data-e-type=\"widget\" data-widget_type=\"heading.default\">\n\t\t\t\t<div class=\"elementor-widget-container\">\n\t\t\t\t\t<h2 class=\"elementor-heading-title elementor-size-default\"><a href=\"https:\/\/lescimesdelatlas.ma\/en\/equicoaching\/\">Develop your potential with horses.<\/a><\/h2>\t\t\t\t<\/div>\n\t\t\t\t<\/div>\n\t\t\t\t<\/div>\n\t\t\t\t<\/div>\n\t\t\t\t\t<\/div>\n\t\t\t\t<\/div>\n\t\t<div class=\"elementor-element elementor-element-bbeddcf e-flex e-con-boxed e-con e-child\" data-id=\"bbeddcf\" data-element_type=\"container\" data-e-type=\"container\">\n\t\t\t\t\t<div class=\"e-con-inner\">\n\t\t<div class=\"elementor-element elementor-element-6315ca8 e-con-full e-flex elementor-invisible e-con e-child\" data-id=\"6315ca8\" data-element_type=\"container\" data-e-type=\"container\" data-settings=\"{&quot;animation&quot;:&quot;zoomIn&quot;,&quot;animation_delay&quot;:400}\">\n\t\t\t\t<div data-xpro-element-link=\"{&quot;url&quot;:&quot;https:\\\/\\\/lescimesdelatlas.ma\\\/poney-club\\\/&quot;,&quot;is_external&quot;:&quot;&quot;,&quot;nofollow&quot;:&quot;&quot;,&quot;custom_attributes&quot;:&quot;&quot;}\" style=\"cursor: pointer\" class=\"elementor-element elementor-element-4869c32 elementor-widget elementor-widget-image\" data-id=\"4869c32\" data-element_type=\"widget\" data-e-type=\"widget\" data-widget_type=\"image.default\">\n\t\t\t\t<div class=\"elementor-widget-container\">\n\t\t\t\t\t\t\t\t\t\t\t\t\t\t\t<img decoding=\"async\" width=\"370\" height=\"536\" src=\"https:\/\/lescimesdelatlas.ma\/wp-content\/uploads\/2024\/07\/Ecurie-cimes-de-latlas-2.jpg\" class=\"attachment-large size-large wp-image-1416\" alt=\"\" srcset=\"https:\/\/lescimesdelatlas.ma\/wp-content\/uploads\/2024\/07\/Ecurie-cimes-de-latlas-2.jpg 370w, https:\/\/lescimesdelatlas.ma\/wp-content\/uploads\/2024\/07\/Ecurie-cimes-de-latlas-2-207x300.jpg 207w\" sizes=\"(max-width: 370px) 100vw, 370px\" \/>\t\t\t\t\t\t\t\t\t\t\t\t\t\t\t<\/div>\n\t\t\t\t<\/div>\n\t\t<div class=\"elementor-element elementor-element-5eac7ee e-con-full e-flex e-con e-child\" data-id=\"5eac7ee\" data-element_type=\"container\" data-e-type=\"container\">\n\t\t\t\t<div class=\"elementor-element elementor-element-b4ef8d4 elementor-widget__width-initial elementor-widget elementor-widget-heading\" data-id=\"b4ef8d4\" data-element_type=\"widget\" data-e-type=\"widget\" data-widget_type=\"heading.default\">\n\t\t\t\t<div class=\"elementor-widget-container\">\n\t\t\t\t\t<span class=\"elementor-heading-title elementor-size-default\"><a href=\"https:\/\/lescimesdelatlas.ma\/en\/poney-club\/\">Poney Club<\/a><\/span>\t\t\t\t<\/div>\n\t\t\t\t<\/div>\n\t\t\t\t<div class=\"elementor-element elementor-element-831606d elementor-widget__width-initial elementor-widget elementor-widget-heading\" data-id=\"831606d\" data-element_type=\"widget\" data-e-type=\"widget\" data-widget_type=\"heading.default\">\n\t\t\t\t<div class=\"elementor-widget-container\">\n\t\t\t\t\t<h2 class=\"elementor-heading-title elementor-size-default\"><a href=\"https:\/\/lescimesdelatlas.ma\/en\/poney-club\/\">A universe dedicated <br> to children.<\/a><\/h2>\t\t\t\t<\/div>\n\t\t\t\t<\/div>\n\t\t\t\t<\/div>\n\t\t\t\t<\/div>\n\t\t<div class=\"elementor-element elementor-element-e4f079a e-con-full e-flex elementor-invisible e-con e-child\" data-id=\"e4f079a\" data-element_type=\"container\" data-e-type=\"container\" data-settings=\"{&quot;animation&quot;:&quot;zoomIn&quot;}\">\n\t\t\t\t<div data-xpro-element-link=\"{&quot;url&quot;:&quot;https:\\\/\\\/lescimesdelatlas.ma\\\/connexion-et-equitation\\\/&quot;,&quot;is_external&quot;:&quot;&quot;,&quot;nofollow&quot;:&quot;&quot;,&quot;custom_attributes&quot;:&quot;&quot;}\" style=\"cursor: pointer\" class=\"elementor-element elementor-element-b82745b elementor-widget elementor-widget-image\" data-id=\"b82745b\" data-element_type=\"widget\" data-e-type=\"widget\" data-widget_type=\"image.default\">\n\t\t\t\t<div class=\"elementor-widget-container\">\n\t\t\t\t\t\t\t\t\t\t\t\t\t\t\t<img loading=\"lazy\" decoding=\"async\" width=\"370\" height=\"536\" src=\"https:\/\/lescimesdelatlas.ma\/wp-content\/uploads\/2024\/07\/Design-sans-titre-26.jpg\" class=\"attachment-large size-large wp-image-1418\" alt=\"\" srcset=\"https:\/\/lescimesdelatlas.ma\/wp-content\/uploads\/2024\/07\/Design-sans-titre-26.jpg 370w, https:\/\/lescimesdelatlas.ma\/wp-content\/uploads\/2024\/07\/Design-sans-titre-26-207x300.jpg 207w\" sizes=\"(max-width: 370px) 100vw, 370px\" \/>\t\t\t\t\t\t\t\t\t\t\t\t\t\t\t<\/div>\n\t\t\t\t<\/div>\n\t\t<div class=\"elementor-element elementor-element-dde08d0 e-con-full e-flex e-con e-child\" data-id=\"dde08d0\" data-element_type=\"container\" data-e-type=\"container\">\n\t\t\t\t<div class=\"elementor-element elementor-element-83fd27c elementor-widget__width-initial elementor-widget elementor-widget-heading\" data-id=\"83fd27c\" data-element_type=\"widget\" data-e-type=\"widget\" data-widget_type=\"heading.default\">\n\t\t\t\t<div class=\"elementor-widget-container\">\n\t\t\t\t\t<span class=\"elementor-heading-title elementor-size-default\"><a href=\"https:\/\/lescimesdelatlas.ma\/en\/connexion-et-equitation\/\">Connection &amp; Riding<\/a><\/span>\t\t\t\t<\/div>\n\t\t\t\t<\/div>\n\t\t\t\t<div class=\"elementor-element elementor-element-ab9f1be elementor-widget__width-initial elementor-widget elementor-widget-heading\" data-id=\"ab9f1be\" data-element_type=\"widget\" data-e-type=\"widget\" data-widget_type=\"heading.default\">\n\t\t\t\t<div class=\"elementor-widget-container\">\n\t\t\t\t\t<h2 class=\"elementor-heading-title elementor-size-default\"><a href=\"https:\/\/lescimesdelatlas.ma\/en\/connexion-et-equitation\/\">Connection with the horse, both on the ground and in the saddle.<\/a><\/h2>\t\t\t\t<\/div>\n\t\t\t\t<\/div>\n\t\t\t\t<\/div>\n\t\t\t\t<\/div>\n\t\t\t\t\t<\/div>\n\t\t\t\t<\/div>\n\t\t\t\t<\/div>\n\t\t<div class=\"elementor-element elementor-element-a9020fd e-con-full e-flex e-con e-parent\" data-id=\"a9020fd\" data-element_type=\"container\" data-e-type=\"container\" data-settings=\"{&quot;background_background&quot;:&quot;classic&quot;}\">\n\t\t<div class=\"elementor-element elementor-element-c9315cc e-flex e-con-boxed e-con e-child\" data-id=\"c9315cc\" data-element_type=\"container\" data-e-type=\"container\" data-settings=\"{&quot;background_background&quot;:&quot;classic&quot;}\">\n\t\t\t\t\t<div class=\"e-con-inner\">\n\t\t\t\t\t<\/div>\n\t\t\t\t<\/div>\n\t\t<div class=\"elementor-element elementor-element-80a999b e-con-full e-flex e-con e-child\" data-id=\"80a999b\" data-element_type=\"container\" data-e-type=\"container\" data-settings=\"{&quot;background_background&quot;:&quot;classic&quot;}\">\n\t\t<div class=\"elementor-element elementor-element-565912a e-con-full animated-slow e-flex elementor-invisible e-con e-child\" data-id=\"565912a\" data-element_type=\"container\" data-e-type=\"container\" data-settings=\"{&quot;animation&quot;:&quot;fadeInUp&quot;,&quot;animation_delay&quot;:200}\">\n\t\t\t\t<div class=\"elementor-element elementor-element-610433d elementor-widget elementor-widget-heading\" data-id=\"610433d\" data-element_type=\"widget\" data-e-type=\"widget\" data-settings=\"{&quot;_animation&quot;:&quot;none&quot;}\" data-widget_type=\"heading.default\">\n\t\t\t\t<div class=\"elementor-widget-container\">\n\t\t\t\t\t<h2 class=\"elementor-heading-title elementor-size-default\">Our Mission<\/h2>\t\t\t\t<\/div>\n\t\t\t\t<\/div>\n\t\t\t\t<div class=\"elementor-element elementor-element-cb4289f elementor-widget elementor-widget-text-editor\" data-id=\"cb4289f\" data-element_type=\"widget\" data-e-type=\"widget\" data-settings=\"{&quot;_animation&quot;:&quot;none&quot;}\" data-widget_type=\"text-editor.default\">\n\t\t\t\t<div class=\"elementor-widget-container\">\n\t\t\t\t\t\t\t\t\t<p>Our vision is to become a reference in equine well-being and equestrian excellence. We aspire to create a community where respect, passion, and harmony between humans and horses are at the heart of all our actions. We believe in a future where every horse is treated with the dignity it deserves and where our stable is recognized for its commitment to excellence and authenticity.<\/p>\t\t\t\t\t\t\t\t<\/div>\n\t\t\t\t<\/div>\n\t\t\t\t<\/div>\n\t\t\t\t<\/div>\n\t\t\t\t<\/div>\n\t\t<div class=\"elementor-element elementor-element-bdfa535 e-con-full e-flex e-con e-parent\" data-id=\"bdfa535\" data-element_type=\"container\" data-e-type=\"container\">\n\t\t<div class=\"elementor-element elementor-element-4b2decf e-con-full e-flex e-con e-child\" data-id=\"4b2decf\" data-element_type=\"container\" data-e-type=\"container\">\n\t\t\t\t<div class=\"elementor-element elementor-element-d957dc5 elementor-widget elementor-widget-image-carousel\" data-id=\"d957dc5\" data-element_type=\"widget\" data-e-type=\"widget\" data-settings=\"{&quot;slides_to_show&quot;:&quot;4&quot;,&quot;navigation&quot;:&quot;none&quot;,&quot;image_spacing_custom&quot;:{&quot;unit&quot;:&quot;px&quot;,&quot;size&quot;:10,&quot;sizes&quot;:[]},&quot;autoplay&quot;:&quot;yes&quot;,&quot;pause_on_hover&quot;:&quot;yes&quot;,&quot;pause_on_interaction&quot;:&quot;yes&quot;,&quot;autoplay_speed&quot;:5000,&quot;infinite&quot;:&quot;yes&quot;,&quot;speed&quot;:500,&quot;image_spacing_custom_tablet&quot;:{&quot;unit&quot;:&quot;px&quot;,&quot;size&quot;:&quot;&quot;,&quot;sizes&quot;:[]},&quot;image_spacing_custom_mobile&quot;:{&quot;unit&quot;:&quot;px&quot;,&quot;size&quot;:&quot;&quot;,&quot;sizes&quot;:[]}}\" data-widget_type=\"image-carousel.default\">\n\t\t\t\t<div class=\"elementor-widget-container\">\n\t\t\t\t\t\t\t<div class=\"elementor-image-carousel-wrapper swiper\" role=\"region\" aria-roledescription=\"carousel\" aria-label=\"Image Carousel\" dir=\"ltr\">\n\t\t\t<div class=\"elementor-image-carousel swiper-wrapper swiper-image-stretch\" aria-live=\"off\">\n\t\t\t\t\t\t\t\t<div class=\"swiper-slide\" role=\"group\" aria-roledescription=\"slide\" aria-label=\"1 of 10\"><figure class=\"swiper-slide-inner\"><img decoding=\"async\" class=\"swiper-slide-image\" src=\"https:\/\/lescimesdelatlas.ma\/wp-content\/uploads\/elementor\/thumbs\/Photos-ecurie-cimes-de-latlas-17-qqwijjotywa116v8wpb5qmr9w2a3nqnh4dsts2stg4.jpg\" alt=\"Photos ecurie cimes de l&#039;atlas (17)\" \/><\/figure><\/div><div class=\"swiper-slide\" role=\"group\" aria-roledescription=\"slide\" aria-label=\"2 of 10\"><figure class=\"swiper-slide-inner\"><img decoding=\"async\" class=\"swiper-slide-image\" src=\"https:\/\/lescimesdelatlas.ma\/wp-content\/uploads\/elementor\/thumbs\/Photos-ecurie-cimes-de-latlas-16-qqwijiqzs28qpkwm26wj64ztaoeqg1jqs95casu7mc.jpg\" alt=\"Photos ecurie cimes de l&#039;atlas (16)\" \/><\/figure><\/div><div class=\"swiper-slide\" role=\"group\" aria-roledescription=\"slide\" aria-label=\"3 of 10\"><figure class=\"swiper-slide-inner\"><img decoding=\"async\" class=\"swiper-slide-image\" src=\"https:\/\/lescimesdelatlas.ma\/wp-content\/uploads\/elementor\/thumbs\/Photos-ecurie-cimes-de-latlas-15-qqwijht5l87gdyxz7ohwln8cpajd8cg0g4hutivlsk.jpg\" alt=\"Photos ecurie cimes de l&#039;atlas (15)\" \/><\/figure><\/div><div class=\"swiper-slide\" role=\"group\" aria-roledescription=\"slide\" aria-label=\"4 of 10\"><figure class=\"swiper-slide-inner\"><img decoding=\"async\" class=\"swiper-slide-image\" src=\"https:\/\/lescimesdelatlas.ma\/wp-content\/uploads\/elementor\/thumbs\/Photos-ecurie-cimes-de-latlas-14-qqwijgvbee662czcd63a15gw3wo00nca3zudc8wzys.jpg\" alt=\"Photos ecurie cimes de l&#039;atlas (14)\" \/><\/figure><\/div><div class=\"swiper-slide\" role=\"group\" aria-roledescription=\"slide\" aria-label=\"5 of 10\"><figure class=\"swiper-slide-inner\"><img decoding=\"async\" class=\"swiper-slide-image\" src=\"https:\/\/lescimesdelatlas.ma\/wp-content\/uploads\/elementor\/thumbs\/Photos-ecurie-cimes-de-latlas-12-qqwijfxh7k4vqr0pinongnpfiismsy8jrv6vuyye50.jpg\" alt=\"Photos ecurie cimes de l&#039;atlas (12)\" \/><\/figure><\/div><div class=\"swiper-slide\" role=\"group\" aria-roledescription=\"slide\" aria-label=\"6 of 10\"><figure class=\"swiper-slide-inner\"><img decoding=\"async\" class=\"swiper-slide-image\" src=\"https:\/\/lescimesdelatlas.ma\/wp-content\/uploads\/elementor\/thumbs\/Photos-ecurie-cimes-de-latlas-11-qqwijezn0q3lf522o5a0w5xyx4x9l94tfqjedozsb8.jpg\" alt=\"Photos ecurie cimes de l&#039;atlas (11)\" \/><\/figure><\/div><div class=\"swiper-slide\" role=\"group\" aria-roledescription=\"slide\" aria-label=\"7 of 10\"><figure class=\"swiper-slide-inner\"><img decoding=\"async\" class=\"swiper-slide-image\" src=\"https:\/\/lescimesdelatlas.ma\/wp-content\/uploads\/elementor\/thumbs\/Photos-ecurie-cimes-de-latlas-10-qqwijezn0q3lf522o5a0w5xyx4x9l94tfqjedozsb8.jpg\" alt=\"Photos ecurie cimes de l&#039;atlas (10)\" \/><\/figure><\/div><div class=\"swiper-slide\" role=\"group\" aria-roledescription=\"slide\" aria-label=\"8 of 10\"><figure class=\"swiper-slide-inner\"><img decoding=\"async\" class=\"swiper-slide-image\" src=\"https:\/\/lescimesdelatlas.ma\/wp-content\/uploads\/elementor\/thumbs\/Photos-ecurie-cimes-de-latlas-6-qqwijc64g7zqgb664m256onl4zb5y5tmfckxxv3ytw.jpg\" alt=\"Photos ecurie cimes de l&#039;atlas (6)\" \/><\/figure><\/div><div class=\"swiper-slide\" role=\"group\" aria-roledescription=\"slide\" aria-label=\"9 of 10\"><figure class=\"swiper-slide-inner\"><img decoding=\"async\" class=\"swiper-slide-image\" src=\"https:\/\/lescimesdelatlas.ma\/wp-content\/uploads\/elementor\/thumbs\/Photos-ecurie-cimes-de-latlas-7-qqwijd3yn210rx4sz4grr6f1qd6j5uxcrh8ff52kno.jpg\" alt=\"Photos ecurie cimes de l&#039;atlas (7)\" \/><\/figure><\/div><div class=\"swiper-slide\" role=\"group\" aria-roledescription=\"slide\" aria-label=\"10 of 10\"><figure class=\"swiper-slide-inner\"><img decoding=\"async\" class=\"swiper-slide-image\" src=\"https:\/\/lescimesdelatlas.ma\/wp-content\/uploads\/elementor\/thumbs\/Photos-ecurie-cimes-de-latlas-8-qqwijd3yn210rx4sz4grr6f1qd6j5uxcrh8ff52kno.jpg\" alt=\"Photos ecurie cimes de l&#039;atlas (8)\" \/><\/figure><\/div>\t\t\t<\/div>\n\t\t\t\t\t\t\t\n\t\t\t\t\t\t\t\t\t<\/div>\n\t\t\t\t\t\t<\/div>\n\t\t\t\t<\/div>\n\t\t\t\t<\/div>\n\t\t\t\t<\/div>\n\t\t\t\t<\/div>","protected":false},"excerpt":{"rendered":"<p>Nos services Pension pour chevaux Offrez \u00e0 vos \u00e9quid\u00e9s un havre de paix et de confort \u00c9quicoaching D\u00e9veloppez votre potentiel avec les chevaux Poney Club Un univers d\u00e9di\u00e9 aux enfants Connexion &#038; \u00c9quitation Connexion avec l\u2019\u00e9quid\u00e9, \u00e0 pied et mont\u00e9 Notre mission Notre vision est de devenir une r\u00e9f\u00e9rence en mati\u00e8re de bien-\u00eatre \u00e9quin et&#8230;<\/p>","protected":false},"author":1,"featured_media":0,"parent":0,"menu_order":0,"comment_status":"closed","ping_status":"closed","template":"elementor_header_footer","meta":{"_kadence_starter_templates_imported_post":true,"_kad_post_transparent":"","_kad_post_title":"hide","_kad_post_layout":"normal","_kad_post_sidebar_id":"","_kad_post_content_style":"unboxed","_kad_post_vertical_padding":"hide","_kad_post_feature":"hide","_kad_post_feature_position":"","_kad_post_header":false,"_kad_post_footer":false,"footnotes":""},"class_list":["post-1577","page","type-page","status-publish","hentry"],"_links":{"self":[{"href":"https:\/\/lescimesdelatlas.ma\/en\/wp-json\/wp\/v2\/pages\/1577","targetHints":{"allow":["GET"]}}],"collection":[{"href":"https:\/\/lescimesdelatlas.ma\/en\/wp-json\/wp\/v2\/pages"}],"about":[{"href":"https:\/\/lescimesdelatlas.ma\/en\/wp-json\/wp\/v2\/types\/page"}],"author":[{"embeddable":true,"href":"https:\/\/lescimesdelatlas.ma\/en\/wp-json\/wp\/v2\/users\/1"}],"replies":[{"embeddable":true,"href":"https:\/\/lescimesdelatlas.ma\/en\/wp-json\/wp\/v2\/comments?post=1577"}],"version-history":[{"count":97,"href":"https:\/\/lescimesdelatlas.ma\/en\/wp-json\/wp\/v2\/pages\/1577\/revisions"}],"predecessor-version":[{"id":2600,"href":"https:\/\/lescimesdelatlas.ma\/en\/wp-json\/wp\/v2\/pages\/1577\/revisions\/2600"}],"wp:attachment":[{"href":"https:\/\/lescimesdelatlas.ma\/en\/wp-json\/wp\/v2\/media?parent=1577"}],"curies":[{"name":"wp","href":"https:\/\/api.w.org\/{rel}","templated":true}]}}